{"id":4934,"date":"2020-12-16T19:00:08","date_gmt":"2020-12-16T18:00:08","guid":{"rendered":"https:\/\/www.rivard-international.com\/trancheuses\/"},"modified":"2022-02-22T08:59:34","modified_gmt":"2022-02-22T07:59:34","slug":"trenchers","status":"publish","type":"page","link":"https:\/\/www.rivard-international.com\/en\/earth-moving\/trenchers\/","title":{"rendered":"Trenchers"},"content":{"rendered":"<p><div class=\"fusion-fullwidth fullwidth-box fusion-builder-row-1 nonhundred-percent-fullwidth non-hundred-percent-height-scrolling\" style=\"--awb-border-radius-top-left:0px;--awb-border-radius-top-right:0px;--awb-border-radius-bottom-right:0px;--awb-border-radius-bottom-left:0px;--awb-flex-wrap:wrap;\" ><div class=\"fusion-builder-row fusion-row\"><div class=\"fusion-layout-column fusion_builder_column fusion-builder-column-0 fusion_builder_column_1_1 1_1 fusion-one-full fusion-column-first fusion-column-last fusion-animated\" style=\"--awb-bg-size:cover;\" data-animationType=\"fadeInUp\" data-animationDuration=\"0.3\" data-animationOffset=\"top-mid-of-view\"><div class=\"fusion-column-wrapper fusion-column-has-shadow fusion-flex-column-wrapper-legacy\"><div class=\"fusion-text fusion-text-1\"><h1><strong>TRENCH DIGGERS AND TRENCHING MACHINES<\/strong><\/h1>\n<p><a href=\"https:\/\/www.rivard-international.com\/en\/\">RIVARD<\/a>\u2019s adventure in the trencher machine environment began in the 1980s. RIVARD\u2019s wide range of skills and command of production, combined with its close attention to what its customers were saying enabled to company to position itself as the reference contact in the trench digger market. This explains why construction companies often hire RIVARD as a trencher machine supplier.<\/p>\n<p>Since the end of the 1960s, RIVARD has been specialising in\u00a0<a href=\"https:\/\/www.rivard-international.com\/en\/sanitation\/\">sanitation products<\/a>\u00a0and more particularly in 12t to 32t hydrocleaning units. We offer a wide range with a great choice of suction power and high pressure levels, along with a host of tank volume possibilities with fixed or mobile walls. All RIVARD trencher products are designed around certain principles: safety, hygiene, ergonomy and ease of maintenance.<\/p>\n<\/div><div class=\"fusion-clearfix\"><\/div><\/div><\/div><\/div><\/div><div class=\"fusion-fullwidth fullwidth-box fusion-builder-row-2 nonhundred-percent-fullwidth non-hundred-percent-height-scrolling\" style=\"--awb-border-radius-top-left:0px;--awb-border-radius-top-right:0px;--awb-border-radius-bottom-right:0px;--awb-border-radius-bottom-left:0px;--awb-flex-wrap:wrap;\" ><div class=\"fusion-builder-row fusion-row\"><div class=\"fusion-layout-column fusion_builder_column fusion-builder-column-1 fusion_builder_column_1_1 1_1 fusion-one-full fusion-column-first fusion-column-last fusion-animated\" style=\"--awb-bg-size:cover;\" data-animationType=\"fadeInLeft\" data-animationDuration=\"0.3\" data-animationOffset=\"top-mid-of-view\"><div class=\"fusion-column-wrapper fusion-column-has-shadow fusion-flex-column-wrapper-legacy\"><div class=\"woocommerce columns-3 \"><ul class=\"products clearfix products-3\">\n<li class=\"product type-product post-5182 status-publish first instock product_cat-trenchers-en has-post-thumbnail downloadable shipping-taxable product-type-simple product-grid-view\">\n\t<div class=\"fusion-product-wrapper\">\n<div class=\"fusion-clean-product-image-wrapper \">\n\t<div  class=\"fusion-image-wrapper fusion-image-size-fixed\" aria-haspopup=\"true\">\n\t\t\t\t<img decoding=\"async\" width=\"500\" height=\"500\" src=\"https:\/\/www.rivard-international.com\/wp-content\/uploads\/2020\/12\/Produit-RIV554-500x500.png\" class=\"attachment-woocommerce_thumbnail size-woocommerce_thumbnail lazyload wp-post-image\" alt=\"Trencher RIVARD RIV554\" srcset=\"data:image\/svg+xml,%3Csvg%20xmlns%3D%27http%3A%2F%2Fwww.w3.org%2F2000%2Fsvg%27%20width%3D%27514%27%20height%3D%27514%27%20viewBox%3D%270%200%20514%20514%27%3E%3Crect%20width%3D%27514%27%20height%3D%27514%27%20fill-opacity%3D%220%22%2F%3E%3C%2Fsvg%3E\" data-orig-src=\"https:\/\/www.rivard-international.com\/wp-content\/uploads\/2020\/12\/Produit-RIV554-500x500.png\" data-srcset=\"https:\/\/www.rivard-international.com\/wp-content\/uploads\/2020\/12\/Produit-RIV554-66x66.png 66w, https:\/\/www.rivard-international.com\/wp-content\/uploads\/2020\/12\/Produit-RIV554-100x100.png 100w, https:\/\/www.rivard-international.com\/wp-content\/uploads\/2020\/12\/Produit-RIV554-150x150.png 150w, https:\/\/www.rivard-international.com\/wp-content\/uploads\/2020\/12\/Produit-RIV554-200x200.png 200w, https:\/\/www.rivard-international.com\/wp-content\/uploads\/2020\/12\/Produit-RIV554-300x300.png 300w, https:\/\/www.rivard-international.com\/wp-content\/uploads\/2020\/12\/Produit-RIV554-400x400.png 400w, https:\/\/www.rivard-international.com\/wp-content\/uploads\/2020\/12\/Produit-RIV554-500x500.png 500w, https:\/\/www.rivard-international.com\/wp-content\/uploads\/2020\/12\/Produit-RIV554.png 514w\" data-sizes=\"auto\" \/><div class=\"fusion-rollover\">\n\t<div class=\"fusion-rollover-content\">\n\n\t\t\t\t\n\t\t\n\t\t\t\t\t\t\t\t\n\t\t\t\t\t\t\t\t\n\t\t\n\t\t\t\t\t\t\t\t\t\t\t\t\t\t\t\n\t\t\t\t\t\t\n\t\t\t\t\t\t\t\t\t\t<div class=\"fusion-product-buttons\">\n\t\t\t\t\t\n<a href=\"https:\/\/www.rivard-international.com\/en\/produit\/riv555\/\" class=\"show_details_button\" style=\"float:none;max-width:none;text-align:center;\">\n\tDetails<\/a>\n\n\t\t\t\t<\/div>\n\t\t\t\t\t\t\t\t\t<a class=\"fusion-link-wrapper\" href=\"https:\/\/www.rivard-international.com\/en\/produit\/riv555\/\" aria-label=\"RIV555\"><\/a>\n\t<\/div>\n<\/div>\n<\/div>\n<\/div>\n<div class=\"fusion-product-content\">\n\t<div class=\"product-details\">\n\t\t<div class=\"product-details-container\">\n<h3 class=\"product-title\">\n\t<a href=\"https:\/\/www.rivard-international.com\/en\/produit\/riv555\/\">\n\t\tRIV555\t<\/a>\n<\/h3>\n<div class=\"fusion-price-rating\">\n\n\t\t<\/div>\n\t<\/div>\n<\/div>\n\n\t<\/div> \n\n\n<\/div>\n<\/li>\n<li class=\"product type-product post-5185 status-publish instock product_cat-trenchers-en has-post-thumbnail downloadable shipping-taxable product-type-simple product-grid-view\">\n\t<div class=\"fusion-product-wrapper\">\n<div class=\"fusion-clean-product-image-wrapper \">\n\t<div  class=\"fusion-image-wrapper fusion-image-size-fixed\" aria-haspopup=\"true\">\n\t\t\t\t<img decoding=\"async\" width=\"500\" height=\"500\" src=\"https:\/\/www.rivard-international.com\/wp-content\/uploads\/2020\/12\/Produit-RIV1254-500x500.png\" class=\"attachment-woocommerce_thumbnail size-woocommerce_thumbnail lazyload wp-post-image\" alt=\"macro trencher RIVARD\" srcset=\"data:image\/svg+xml,%3Csvg%20xmlns%3D%27http%3A%2F%2Fwww.w3.org%2F2000%2Fsvg%27%20width%3D%27514%27%20height%3D%27514%27%20viewBox%3D%270%200%20514%20514%27%3E%3Crect%20width%3D%27514%27%20height%3D%27514%27%20fill-opacity%3D%220%22%2F%3E%3C%2Fsvg%3E\" data-orig-src=\"https:\/\/www.rivard-international.com\/wp-content\/uploads\/2020\/12\/Produit-RIV1254-500x500.png\" data-srcset=\"https:\/\/www.rivard-international.com\/wp-content\/uploads\/2020\/12\/Produit-RIV1254-66x66.png 66w, https:\/\/www.rivard-international.com\/wp-content\/uploads\/2020\/12\/Produit-RIV1254-100x100.png 100w, https:\/\/www.rivard-international.com\/wp-content\/uploads\/2020\/12\/Produit-RIV1254-150x150.png 150w, https:\/\/www.rivard-international.com\/wp-content\/uploads\/2020\/12\/Produit-RIV1254-200x200.png 200w, https:\/\/www.rivard-international.com\/wp-content\/uploads\/2020\/12\/Produit-RIV1254-300x300.png 300w, https:\/\/www.rivard-international.com\/wp-content\/uploads\/2020\/12\/Produit-RIV1254-400x400.png 400w, https:\/\/www.rivard-international.com\/wp-content\/uploads\/2020\/12\/Produit-RIV1254-500x500.png 500w, https:\/\/www.rivard-international.com\/wp-content\/uploads\/2020\/12\/Produit-RIV1254.png 514w\" data-sizes=\"auto\" \/><div class=\"fusion-rollover\">\n\t<div class=\"fusion-rollover-content\">\n\n\t\t\t\t\n\t\t\n\t\t\t\t\t\t\t\t\n\t\t\t\t\t\t\t\t\n\t\t\n\t\t\t\t\t\t\t\t\t\t\t\t\t\t\t\n\t\t\t\t\t\t\n\t\t\t\t\t\t\t\t\t\t<div class=\"fusion-product-buttons\">\n\t\t\t\t\t\n<a href=\"https:\/\/www.rivard-international.com\/en\/produit\/riv1255\/\" class=\"show_details_button\" style=\"float:none;max-width:none;text-align:center;\">\n\tDetails<\/a>\n\n\t\t\t\t<\/div>\n\t\t\t\t\t\t\t\t\t<a class=\"fusion-link-wrapper\" href=\"https:\/\/www.rivard-international.com\/en\/produit\/riv1255\/\" aria-label=\"RIV1255\"><\/a>\n\t<\/div>\n<\/div>\n<\/div>\n<\/div>\n<div class=\"fusion-product-content\">\n\t<div class=\"product-details\">\n\t\t<div class=\"product-details-container\">\n<h3 class=\"product-title\">\n\t<a href=\"https:\/\/www.rivard-international.com\/en\/produit\/riv1255\/\">\n\t\tRIV1255\t<\/a>\n<\/h3>\n<div class=\"fusion-price-rating\">\n\n\t\t<\/div>\n\t<\/div>\n<\/div>\n\n\t<\/div> \n\n\n<\/div>\n<\/li>\n<li class=\"product type-product post-5189 status-publish last instock product_cat-trenchers-en has-post-thumbnail downloadable shipping-taxable product-type-simple product-grid-view\">\n\t<div class=\"fusion-product-wrapper\">\n<div class=\"fusion-clean-product-image-wrapper \">\n\t<div  class=\"fusion-image-wrapper fusion-image-size-fixed\" aria-haspopup=\"true\">\n\t\t\t\t<img decoding=\"async\" width=\"500\" height=\"500\" src=\"https:\/\/www.rivard-international.com\/wp-content\/uploads\/2020\/12\/Produit-RIVCITY-500x500.png\" class=\"attachment-woocommerce_thumbnail size-woocommerce_thumbnail lazyload wp-post-image\" alt=\"rivcity rivard\" srcset=\"data:image\/svg+xml,%3Csvg%20xmlns%3D%27http%3A%2F%2Fwww.w3.org%2F2000%2Fsvg%27%20width%3D%27514%27%20height%3D%27514%27%20viewBox%3D%270%200%20514%20514%27%3E%3Crect%20width%3D%27514%27%20height%3D%27514%27%20fill-opacity%3D%220%22%2F%3E%3C%2Fsvg%3E\" data-orig-src=\"https:\/\/www.rivard-international.com\/wp-content\/uploads\/2020\/12\/Produit-RIVCITY-500x500.png\" data-srcset=\"https:\/\/www.rivard-international.com\/wp-content\/uploads\/2020\/12\/Produit-RIVCITY-66x66.png 66w, https:\/\/www.rivard-international.com\/wp-content\/uploads\/2020\/12\/Produit-RIVCITY-100x100.png 100w, https:\/\/www.rivard-international.com\/wp-content\/uploads\/2020\/12\/Produit-RIVCITY-150x150.png 150w, https:\/\/www.rivard-international.com\/wp-content\/uploads\/2020\/12\/Produit-RIVCITY-200x200.png 200w, https:\/\/www.rivard-international.com\/wp-content\/uploads\/2020\/12\/Produit-RIVCITY-300x300.png 300w, https:\/\/www.rivard-international.com\/wp-content\/uploads\/2020\/12\/Produit-RIVCITY-400x400.png 400w, https:\/\/www.rivard-international.com\/wp-content\/uploads\/2020\/12\/Produit-RIVCITY-500x500.png 500w, https:\/\/www.rivard-international.com\/wp-content\/uploads\/2020\/12\/Produit-RIVCITY.png 514w\" data-sizes=\"auto\" \/><div class=\"fusion-rollover\">\n\t<div class=\"fusion-rollover-content\">\n\n\t\t\t\t\n\t\t\n\t\t\t\t\t\t\t\t\n\t\t\t\t\t\t\t\t\n\t\t\n\t\t\t\t\t\t\t\t\t\t\t\t\t\t\t\n\t\t\t\t\t\t\n\t\t\t\t\t\t\t\t\t\t<div class=\"fusion-product-buttons\">\n\t\t\t\t\t\n<a href=\"https:\/\/www.rivard-international.com\/en\/produit\/rivcity\/\" class=\"show_details_button\" style=\"float:none;max-width:none;text-align:center;\">\n\tDetails<\/a>\n\n\t\t\t\t<\/div>\n\t\t\t\t\t\t\t\t\t<a class=\"fusion-link-wrapper\" href=\"https:\/\/www.rivard-international.com\/en\/produit\/rivcity\/\" aria-label=\"RIVCITY\"><\/a>\n\t<\/div>\n<\/div>\n<\/div>\n<\/div>\n<div class=\"fusion-product-content\">\n\t<div class=\"product-details\">\n\t\t<div class=\"product-details-container\">\n<h3 class=\"product-title\">\n\t<a href=\"https:\/\/www.rivard-international.com\/en\/produit\/rivcity\/\">\n\t\tRIVCITY\t<\/a>\n<\/h3>\n<div class=\"fusion-price-rating\">\n\n\t\t<\/div>\n\t<\/div>\n<\/div>\n\n\t<\/div> \n\n\n<\/div>\n<\/li>\n<\/ul>\n<\/div><div class=\"fusion-clearfix\"><\/div><\/div><\/div><\/div><\/div><div class=\"fusion-fullwidth fullwidth-box fusion-builder-row-3 nonhundred-percent-fullwidth non-hundred-percent-height-scrolling\" style=\"--awb-border-radius-top-left:0px;--awb-border-radius-top-right:0px;--awb-border-radius-bottom-right:0px;--awb-border-radius-bottom-left:0px;--awb-flex-wrap:wrap;\" ><div class=\"fusion-builder-row fusion-row\"><div class=\"fusion-layout-column fusion_builder_column fusion-builder-column-2 fusion_builder_column_1_1 1_1 fusion-one-full fusion-column-first fusion-column-last fusion-animated\" style=\"--awb-bg-size:cover;\" data-animationType=\"fadeInUp\" data-animationDuration=\"0.3\" data-animationOffset=\"top-mid-of-view\"><div class=\"fusion-column-wrapper fusion-column-has-shadow fusion-flex-column-wrapper-legacy\"><div class=\"fusion-sep-clear\"><\/div><div class=\"fusion-separator fusion-full-width-sep\" style=\"margin-left: auto;margin-right: auto;margin-top:40px;width:100%;\"><\/div><div class=\"fusion-sep-clear\"><\/div><div class=\"fusion-title title fusion-title-1 fusion-sep-none fusion-title-text fusion-title-size-two\"><h2 class=\"fusion-title-heading title-heading-left fusion-responsive-typography-calculated\" style=\"margin:0;--fontSize:28;line-height:1.3;\"><h2><strong>RIVARD\u2019S TRENCHER AND PUBLIC WORKS (PW) MACHINES<\/strong><\/h2><\/h2><\/div><div class=\"fusion-text fusion-text-2\"><p>Public Works cover a wide range of activities, from installing networks to building roads, from railway lines to structures such as bridges, airports and so on.<\/p>\n<p>Public Works is certainly the sector which has the largest ranges of trenching machines, including micro-trencher models. Indeed, humans need support from trench machines when constructing and maintaining structures. They also need to hire a reliable trench digger supplier for their construction units.<\/p>\n<p>RIVARD operates in two areas specifically, roads and utilities and <a href=\"https:\/\/www.rivard-international.com\/en\/earth-moving\/\">earth moving<\/a>.<\/p>\n<p>RIVARD wheel trenchers with mechanised installation enable Telecom, fibre, CCTV, gas, water and electricity (HVA\/HVB) networks to be deployed quickly and easily.<\/p>\n<p>RIVARD\u2019s <a href=\"https:\/\/www.rivard-international.com\/en\/products\/suction-excavator\/\">suction excavator<\/a> models, which were originally used to upgrade and survey buried networks, have seen their applications expand significantly up to suction for attic spaces via the installation of posts for overhead networks.<\/p>\n<p>All our PW and digging equipment benefits from RIVARD\u2019s safety, ergonomy and automation experience. All equipment can be serviced in our network and by our mobile technicians.<\/p>\n<h2><strong>RIVARD PRESENTS ITS TRENCHER MACHINES FOR PUBLIC WORKS<\/strong><\/h2>\n<p>RIVARD\u2019s adventure with trench digger stock began in the1980s. RIVARD\u2019s wide range of skills and command of production, combined with its close attention to what its customers were saying enabled the company to position itself as the reference company in the trenching market.<\/p>\n<p>Using a trench digger or a micro trencher with mechanised installation presents numerous advantages in relation to traditional methods (backhoe loaders or mechanical diggers). Everyone who uses a trencher machine agrees on one thing.<\/p>\n<\/div><div class=\"fusion-clearfix\"><\/div><\/div><\/div><\/div><\/div><\/p>\n","protected":false},"excerpt":{"rendered":"","protected":false},"author":2,"featured_media":0,"parent":5082,"menu_order":0,"comment_status":"closed","ping_status":"closed","template":"100-width.php","meta":{"inline_featured_image":false,"footnotes":""},"class_list":["post-4934","page","type-page","status-publish","hentry"],"yoast_head":"<!-- This site is optimized with the Yoast SEO plugin v27.4 - https:\/\/yoast.com\/product\/yoast-seo-wordpress\/ -->\n<title>Rivard | Nos trancheuses pour terrassement<\/title>\n<meta name=\"description\" content=\"D\u00e9couvrez les mod\u00e8les de trancheuses Rivard, pour vos travaux de terrassement. Faites confiance \u00e0 l&#039;expertise de carrossier constructeur, de plus de 65 ans.\" \/>\n<meta name=\"robots\" content=\"index, follow, max-snippet:-1, max-image-preview:large, max-video-preview:-1\" \/>\n<link rel=\"canonical\" href=\"https:\/\/www.rivard-international.com\/en\/earth-moving\/trenchers\/\" \/>\n<meta property=\"og:locale\" content=\"en_US\" \/>\n<meta property=\"og:type\" content=\"article\" \/>\n<meta property=\"og:title\" content=\"Rivard | Nos trancheuses pour terrassement\" \/>\n<meta property=\"og:description\" content=\"D\u00e9couvrez les mod\u00e8les de trancheuses Rivard, pour vos travaux de terrassement. Faites confiance \u00e0 l&#039;expertise de carrossier constructeur, de plus de 65 ans.\" \/>\n<meta property=\"og:url\" content=\"https:\/\/www.rivard-international.com\/en\/earth-moving\/trenchers\/\" \/>\n<meta property=\"og:site_name\" content=\"Rivard\" \/>\n<meta property=\"article:modified_time\" content=\"2022-02-22T07:59:34+00:00\" \/>\n<meta name=\"twitter:card\" content=\"summary_large_image\" \/>\n<script type=\"application\/ld+json\" class=\"yoast-schema-graph\">{\"@context\":\"https:\\\/\\\/schema.org\",\"@graph\":[{\"@type\":\"WebPage\",\"@id\":\"https:\\\/\\\/www.rivard-international.com\\\/en\\\/earth-moving\\\/trenchers\\\/\",\"url\":\"https:\\\/\\\/www.rivard-international.com\\\/en\\\/earth-moving\\\/trenchers\\\/\",\"name\":\"Rivard | Nos trancheuses pour terrassement\",\"isPartOf\":{\"@id\":\"https:\\\/\\\/www.rivard-international.com\\\/en\\\/#website\"},\"datePublished\":\"2020-12-16T18:00:08+00:00\",\"dateModified\":\"2022-02-22T07:59:34+00:00\",\"description\":\"D\u00e9couvrez les mod\u00e8les de trancheuses Rivard, pour vos travaux de terrassement. Faites confiance \u00e0 l'expertise de carrossier constructeur, de plus de 65 ans.\",\"breadcrumb\":{\"@id\":\"https:\\\/\\\/www.rivard-international.com\\\/en\\\/earth-moving\\\/trenchers\\\/#breadcrumb\"},\"inLanguage\":\"en-US\",\"potentialAction\":[{\"@type\":\"ReadAction\",\"target\":[\"https:\\\/\\\/www.rivard-international.com\\\/en\\\/earth-moving\\\/trenchers\\\/\"]}]},{\"@type\":\"BreadcrumbList\",\"@id\":\"https:\\\/\\\/www.rivard-international.com\\\/en\\\/earth-moving\\\/trenchers\\\/#breadcrumb\",\"itemListElement\":[{\"@type\":\"ListItem\",\"position\":1,\"name\":\"Accueil\",\"item\":\"https:\\\/\\\/www.rivard-international.com\\\/en\\\/\"},{\"@type\":\"ListItem\",\"position\":2,\"name\":\"Earth-moving\",\"item\":\"https:\\\/\\\/www.rivard-international.com\\\/en\\\/earth-moving\\\/\"},{\"@type\":\"ListItem\",\"position\":3,\"name\":\"Trenchers\"}]},{\"@type\":\"WebSite\",\"@id\":\"https:\\\/\\\/www.rivard-international.com\\\/en\\\/#website\",\"url\":\"https:\\\/\\\/www.rivard-international.com\\\/en\\\/\",\"name\":\"Rivard\",\"description\":\"Constructeur et Carrossier\",\"publisher\":{\"@id\":\"https:\\\/\\\/www.rivard-international.com\\\/en\\\/#organization\"},\"potentialAction\":[{\"@type\":\"SearchAction\",\"target\":{\"@type\":\"EntryPoint\",\"urlTemplate\":\"https:\\\/\\\/www.rivard-international.com\\\/en\\\/?s={search_term_string}\"},\"query-input\":{\"@type\":\"PropertyValueSpecification\",\"valueRequired\":true,\"valueName\":\"search_term_string\"}}],\"inLanguage\":\"en-US\"},{\"@type\":\"Organization\",\"@id\":\"https:\\\/\\\/www.rivard-international.com\\\/en\\\/#organization\",\"name\":\"Rivard international\",\"url\":\"https:\\\/\\\/www.rivard-international.com\\\/en\\\/\",\"logo\":{\"@type\":\"ImageObject\",\"inLanguage\":\"en-US\",\"@id\":\"https:\\\/\\\/www.rivard-international.com\\\/en\\\/#\\\/schema\\\/logo\\\/image\\\/\",\"url\":\"https:\\\/\\\/www.rivard-international.com\\\/wp-content\\\/uploads\\\/2020\\\/06\\\/logo-rivard.png\",\"contentUrl\":\"https:\\\/\\\/www.rivard-international.com\\\/wp-content\\\/uploads\\\/2020\\\/06\\\/logo-rivard.png\",\"width\":220,\"height\":53,\"caption\":\"Rivard international\"},\"image\":{\"@id\":\"https:\\\/\\\/www.rivard-international.com\\\/en\\\/#\\\/schema\\\/logo\\\/image\\\/\"}}]}<\/script>\n<!-- \/ Yoast SEO plugin. -->","yoast_head_json":{"title":"Rivard | Nos trancheuses pour terrassement","description":"D\u00e9couvrez les mod\u00e8les de trancheuses Rivard, pour vos travaux de terrassement. Faites confiance \u00e0 l'expertise de carrossier constructeur, de plus de 65 ans.","robots":{"index":"index","follow":"follow","max-snippet":"max-snippet:-1","max-image-preview":"max-image-preview:large","max-video-preview":"max-video-preview:-1"},"canonical":"https:\/\/www.rivard-international.com\/en\/earth-moving\/trenchers\/","og_locale":"en_US","og_type":"article","og_title":"Rivard | Nos trancheuses pour terrassement","og_description":"D\u00e9couvrez les mod\u00e8les de trancheuses Rivard, pour vos travaux de terrassement. Faites confiance \u00e0 l'expertise de carrossier constructeur, de plus de 65 ans.","og_url":"https:\/\/www.rivard-international.com\/en\/earth-moving\/trenchers\/","og_site_name":"Rivard","article_modified_time":"2022-02-22T07:59:34+00:00","twitter_card":"summary_large_image","schema":{"@context":"https:\/\/schema.org","@graph":[{"@type":"WebPage","@id":"https:\/\/www.rivard-international.com\/en\/earth-moving\/trenchers\/","url":"https:\/\/www.rivard-international.com\/en\/earth-moving\/trenchers\/","name":"Rivard | Nos trancheuses pour terrassement","isPartOf":{"@id":"https:\/\/www.rivard-international.com\/en\/#website"},"datePublished":"2020-12-16T18:00:08+00:00","dateModified":"2022-02-22T07:59:34+00:00","description":"D\u00e9couvrez les mod\u00e8les de trancheuses Rivard, pour vos travaux de terrassement. Faites confiance \u00e0 l'expertise de carrossier constructeur, de plus de 65 ans.","breadcrumb":{"@id":"https:\/\/www.rivard-international.com\/en\/earth-moving\/trenchers\/#breadcrumb"},"inLanguage":"en-US","potentialAction":[{"@type":"ReadAction","target":["https:\/\/www.rivard-international.com\/en\/earth-moving\/trenchers\/"]}]},{"@type":"BreadcrumbList","@id":"https:\/\/www.rivard-international.com\/en\/earth-moving\/trenchers\/#breadcrumb","itemListElement":[{"@type":"ListItem","position":1,"name":"Accueil","item":"https:\/\/www.rivard-international.com\/en\/"},{"@type":"ListItem","position":2,"name":"Earth-moving","item":"https:\/\/www.rivard-international.com\/en\/earth-moving\/"},{"@type":"ListItem","position":3,"name":"Trenchers"}]},{"@type":"WebSite","@id":"https:\/\/www.rivard-international.com\/en\/#website","url":"https:\/\/www.rivard-international.com\/en\/","name":"Rivard","description":"Constructeur et Carrossier","publisher":{"@id":"https:\/\/www.rivard-international.com\/en\/#organization"},"potentialAction":[{"@type":"SearchAction","target":{"@type":"EntryPoint","urlTemplate":"https:\/\/www.rivard-international.com\/en\/?s={search_term_string}"},"query-input":{"@type":"PropertyValueSpecification","valueRequired":true,"valueName":"search_term_string"}}],"inLanguage":"en-US"},{"@type":"Organization","@id":"https:\/\/www.rivard-international.com\/en\/#organization","name":"Rivard international","url":"https:\/\/www.rivard-international.com\/en\/","logo":{"@type":"ImageObject","inLanguage":"en-US","@id":"https:\/\/www.rivard-international.com\/en\/#\/schema\/logo\/image\/","url":"https:\/\/www.rivard-international.com\/wp-content\/uploads\/2020\/06\/logo-rivard.png","contentUrl":"https:\/\/www.rivard-international.com\/wp-content\/uploads\/2020\/06\/logo-rivard.png","width":220,"height":53,"caption":"Rivard international"},"image":{"@id":"https:\/\/www.rivard-international.com\/en\/#\/schema\/logo\/image\/"}}]}},"_links":{"self":[{"href":"https:\/\/www.rivard-international.com\/en\/wp-json\/wp\/v2\/pages\/4934","targetHints":{"allow":["GET"]}}],"collection":[{"href":"https:\/\/www.rivard-international.com\/en\/wp-json\/wp\/v2\/pages"}],"about":[{"href":"https:\/\/www.rivard-international.com\/en\/wp-json\/wp\/v2\/types\/page"}],"author":[{"embeddable":true,"href":"https:\/\/www.rivard-international.com\/en\/wp-json\/wp\/v2\/users\/2"}],"replies":[{"embeddable":true,"href":"https:\/\/www.rivard-international.com\/en\/wp-json\/wp\/v2\/comments?post=4934"}],"version-history":[{"count":5,"href":"https:\/\/www.rivard-international.com\/en\/wp-json\/wp\/v2\/pages\/4934\/revisions"}],"predecessor-version":[{"id":5769,"href":"https:\/\/www.rivard-international.com\/en\/wp-json\/wp\/v2\/pages\/4934\/revisions\/5769"}],"up":[{"embeddable":true,"href":"https:\/\/www.rivard-international.com\/en\/wp-json\/wp\/v2\/pages\/5082"}],"wp:attachment":[{"href":"https:\/\/www.rivard-international.com\/en\/wp-json\/wp\/v2\/media?parent=4934"}],"curies":[{"name":"wp","href":"https:\/\/api.w.org\/{rel}","templated":true}]}}