{"id":4944,"date":"2020-12-16T18:59:17","date_gmt":"2020-12-16T17:59:17","guid":{"rendered":"https:\/\/www.rivard-international.com\/aspiratrice-excavatrice\/"},"modified":"2022-02-22T09:47:09","modified_gmt":"2022-02-22T08:47:09","slug":"suction-excavator","status":"publish","type":"page","link":"https:\/\/www.rivard-international.com\/en\/products\/suction-excavator\/","title":{"rendered":"Suction excavators"},"content":{"rendered":"<p><div class=\"fusion-fullwidth fullwidth-box fusion-builder-row-1 nonhundred-percent-fullwidth non-hundred-percent-height-scrolling\" style=\"--awb-border-radius-top-left:0px;--awb-border-radius-top-right:0px;--awb-border-radius-bottom-right:0px;--awb-border-radius-bottom-left:0px;--awb-flex-wrap:wrap;\" ><div class=\"fusion-builder-row fusion-row\"><div class=\"fusion-layout-column fusion_builder_column fusion-builder-column-0 fusion_builder_column_1_1 1_1 fusion-one-full fusion-column-first fusion-column-last fusion-animated\" style=\"--awb-bg-size:cover;\" data-animationType=\"fadeInUp\" data-animationDuration=\"0.3\" data-animationOffset=\"top-mid-of-view\"><div class=\"fusion-column-wrapper fusion-column-has-shadow fusion-flex-column-wrapper-legacy\"><div class=\"fusion-title title fusion-title-1 fusion-sep-none fusion-title-text fusion-title-size-two\"><h2 class=\"fusion-title-heading title-heading-left fusion-responsive-typography-calculated\" style=\"margin:0;--fontSize:28;line-height:1.3;\"><h1><strong>SUCTION EXCAVATORS<\/strong><\/h1>\n<h2><strong>RIVARD PUBLIC WORKS (PW) MACHINES<\/strong><\/h2><\/h2><\/div><div class=\"fusion-text fusion-text-1\"><p>Public Works cover a wide range of activities, from installing networks to building roads, from railway lines to structures such as bridges, airports and so on.<\/p>\n<p>Public Works is certainly the sector which has the largest ranges of utilities, such as suction excavators and vacuum excavators. Indeed, humans need support from machines and suction excavation utilities when constructing and maintaining structures on their unit.<\/p>\n<p><a href=\"https:\/\/www.rivard-international.com\/en\/\">RIVARD<\/a> operates in two areas specifically, roads and utilities and earth-moving.<\/p>\n<p>RIVARD wheel <a href=\"https:\/\/www.rivard-international.com\/en\/earth-moving\/trenchers\/\">trenchers<\/a> with mechanised installation enable Telecom, fibre, CCTV, gas, water and electricity (HVA\/HVB) networks to be deployed quickly and easily on a suction excavation site.<\/p>\n<p>RIVARD\u2019s suction excavators, which were originally used to upgrade and survey buried networks on a public works site, have seen their applications expand significantly up to suction for attic spaces via the installation of posts for overhead networks.<\/p>\n<p>All our PW equipment benefits from RIVARD\u2019s safety, ergonomy and automation experience for your projects. All suction and vacuum excavation utilities can be serviced in our network and by our mobile technicians.<\/p>\n<\/div><div class=\"fusion-clearfix\"><\/div><\/div><\/div><\/div><\/div><div class=\"fusion-fullwidth fullwidth-box fusion-builder-row-2 nonhundred-percent-fullwidth non-hundred-percent-height-scrolling\" style=\"--awb-border-radius-top-left:0px;--awb-border-radius-top-right:0px;--awb-border-radius-bottom-right:0px;--awb-border-radius-bottom-left:0px;--awb-flex-wrap:wrap;\" ><div class=\"fusion-builder-row fusion-row\"><div class=\"fusion-layout-column fusion_builder_column fusion-builder-column-1 fusion_builder_column_1_1 1_1 fusion-one-full fusion-column-first fusion-column-last fusion-animated\" style=\"--awb-bg-size:cover;\" data-animationType=\"fadeInLeft\" data-animationDuration=\"0.3\" data-animationOffset=\"top-mid-of-view\"><div class=\"fusion-column-wrapper fusion-column-has-shadow fusion-flex-column-wrapper-legacy\"><div class=\"woocommerce columns-3 \"><ul class=\"products clearfix products-3\">\n<li class=\"product type-product post-5192 status-publish first instock product_cat-suction-excavator-en has-post-thumbnail downloadable shipping-taxable product-type-simple product-grid-view\">\n\t<div class=\"fusion-product-wrapper\">\n<div class=\"fusion-clean-product-image-wrapper \">\n\t<div  class=\"fusion-image-wrapper fusion-image-size-fixed\" aria-haspopup=\"true\">\n\t\t\t\t<img decoding=\"async\" width=\"500\" height=\"500\" src=\"https:\/\/www.rivard-international.com\/wp-content\/uploads\/2020\/12\/Produit-EXVAC-500x500.png\" class=\"attachment-woocommerce_thumbnail size-woocommerce_thumbnail lazyload wp-post-image\" alt=\"RIVARD Suction excavator\" srcset=\"data:image\/svg+xml,%3Csvg%20xmlns%3D%27http%3A%2F%2Fwww.w3.org%2F2000%2Fsvg%27%20width%3D%27514%27%20height%3D%27514%27%20viewBox%3D%270%200%20514%20514%27%3E%3Crect%20width%3D%27514%27%20height%3D%27514%27%20fill-opacity%3D%220%22%2F%3E%3C%2Fsvg%3E\" data-orig-src=\"https:\/\/www.rivard-international.com\/wp-content\/uploads\/2020\/12\/Produit-EXVAC-500x500.png\" data-srcset=\"https:\/\/www.rivard-international.com\/wp-content\/uploads\/2020\/12\/Produit-EXVAC-66x66.png 66w, https:\/\/www.rivard-international.com\/wp-content\/uploads\/2020\/12\/Produit-EXVAC-100x100.png 100w, https:\/\/www.rivard-international.com\/wp-content\/uploads\/2020\/12\/Produit-EXVAC-150x150.png 150w, https:\/\/www.rivard-international.com\/wp-content\/uploads\/2020\/12\/Produit-EXVAC-200x200.png 200w, https:\/\/www.rivard-international.com\/wp-content\/uploads\/2020\/12\/Produit-EXVAC-300x300.png 300w, https:\/\/www.rivard-international.com\/wp-content\/uploads\/2020\/12\/Produit-EXVAC-400x400.png 400w, https:\/\/www.rivard-international.com\/wp-content\/uploads\/2020\/12\/Produit-EXVAC-500x500.png 500w, https:\/\/www.rivard-international.com\/wp-content\/uploads\/2020\/12\/Produit-EXVAC.png 514w\" data-sizes=\"auto\" \/><div class=\"fusion-rollover\">\n\t<div class=\"fusion-rollover-content\">\n\n\t\t\t\t\n\t\t\n\t\t\t\t\t\t\t\t\n\t\t\t\t\t\t\t\t\n\t\t\n\t\t\t\t\t\t\t\t\t\t\t\t\t\t\t\n\t\t\t\t\t\t\n\t\t\t\t\t\t\t\t\t\t<div class=\"fusion-product-buttons\">\n\t\t\t\t\t\n<a href=\"https:\/\/www.rivard-international.com\/en\/produit\/suction-excavator\/\" class=\"show_details_button\" style=\"float:none;max-width:none;text-align:center;\">\n\tDetails<\/a>\n\n\t\t\t\t<\/div>\n\t\t\t\t\t\t\t\t\t<a class=\"fusion-link-wrapper\" href=\"https:\/\/www.rivard-international.com\/en\/produit\/suction-excavator\/\" aria-label=\"EXVAC\"><\/a>\n\t<\/div>\n<\/div>\n<\/div>\n<\/div>\n<div class=\"fusion-product-content\">\n\t<div class=\"product-details\">\n\t\t<div class=\"product-details-container\">\n<h3 class=\"product-title\">\n\t<a href=\"https:\/\/www.rivard-international.com\/en\/produit\/suction-excavator\/\">\n\t\tEXVAC\t<\/a>\n<\/h3>\n<div class=\"fusion-price-rating\">\n\n\t\t<\/div>\n\t<\/div>\n<\/div>\n\n\t<\/div> \n\n\n<\/div>\n<\/li>\n<\/ul>\n<\/div><div class=\"fusion-clearfix\"><\/div><\/div><\/div><\/div><\/div><div class=\"fusion-fullwidth fullwidth-box fusion-builder-row-3 nonhundred-percent-fullwidth non-hundred-percent-height-scrolling\" style=\"--awb-border-radius-top-left:0px;--awb-border-radius-top-right:0px;--awb-border-radius-bottom-right:0px;--awb-border-radius-bottom-left:0px;--awb-flex-wrap:wrap;\" ><div class=\"fusion-builder-row fusion-row\"><div class=\"fusion-layout-column fusion_builder_column fusion-builder-column-2 fusion_builder_column_1_1 1_1 fusion-one-full fusion-column-first fusion-column-last fusion-animated\" style=\"--awb-bg-size:cover;\" data-animationType=\"fadeInUp\" data-animationDuration=\"0.3\" data-animationOffset=\"top-mid-of-view\"><div class=\"fusion-column-wrapper fusion-column-has-shadow fusion-flex-column-wrapper-legacy\"><div class=\"fusion-sep-clear\"><\/div><div class=\"fusion-separator fusion-full-width-sep\" style=\"margin-left: auto;margin-right: auto;margin-top:40px;width:100%;\"><\/div><div class=\"fusion-sep-clear\"><\/div><div class=\"fusion-title title fusion-title-2 fusion-sep-none fusion-title-text fusion-title-size-two\"><h2 class=\"fusion-title-heading title-heading-left fusion-responsive-typography-calculated\" style=\"margin:0;--fontSize:28;line-height:1.3;\"><\/h2><\/div>\n<h2><strong>THE OPERATION OF A SUCTION EXCAVATOR<\/strong><\/h2>\n<p>RIVARD\u00a0has developed a high-performance suction excavator model. The EXVAC is a suction truck which enables quick and safe excavation via suction in high or low congestion areas such as underground networks or for public works use: urban areas, streets and pavements.<\/p>\n<p>This site machine runs on the hydrodynamic vortex principle. The specific feature of this vacuum excavation utility is that it can tilt to the left during the tipping phase to empty a skip, making it very practical.<\/p>\n<p>This type of public works (PW) utilities also has a host of applications in the industry and environment sectors.<\/p>\n<h2><strong>THE COMPOSITION OF RIVARD SUCTION EXCAVATION UTILITIES<\/strong><\/h2>\n<p>When used as a public works machine, the suction evacuation utility is mounted on a carrier chassis in \u201cConstruction\u201d configuration with at least 500 hp in power to supply our powerful suction turbine. In our plant, we use MERCEDES or VOLVO carrier chassis. The equipment is composed of a technical platform which accommodates the suction system (an industrial turbine), an articulated excavation arm with suction nozzle and a skip tank with tilting to the left hand side. The equipment is remote controlled; depending on the options selected, the carrier may also be operated by remote using the same remote control (speed and direction). We propose different configurations, depending on the service that the companies need in terms of vacuum excavation.<\/p>\n<h2><strong>OUR SUCTION EXCAVATION MODELS FOR EARTH-MOVING<\/strong><\/h2>\n<p>The RIVARD range features 3 models of excavator based on 7 m\u00b3 or 10,5 m\u00b3 tank capacities and 26 to 32T carrier tonnages, as well as on suction power and rate.\u00a0 Once the capacity is defined, we propose different configurations and options to suit our customers\u2019 <a href=\"https:\/\/www.rivard-international.com\/en\/earth-moving\/\">earth-moving work<\/a>\u00a0applications on each site. We are at our customers\u2019 disposal to define their specifications and to provide the applications they need to carry out. Our commercial and technical teams will propose the definitions that are best suited to their needs.<\/p>\n[\/fusion_text]<div class=\"fusion-clearfix\"><\/div><\/div><\/div><\/div><\/div><\/p>\n","protected":false},"excerpt":{"rendered":"","protected":false},"author":2,"featured_media":0,"parent":5079,"menu_order":0,"comment_status":"closed","ping_status":"closed","template":"100-width.php","meta":{"inline_featured_image":false,"footnotes":""},"class_list":["post-4944","page","type-page","status-publish","hentry"],"yoast_head":"<!-- This site is optimized with the Yoast SEO plugin v27.4 - https:\/\/yoast.com\/product\/yoast-seo-wordpress\/ -->\n<title>Les aspiratrices excavatrice par Rivard<\/title>\n<meta name=\"description\" content=\"Les mod\u00e8les d&#039;aspiratrices excavatrices Rivard, pour vos travaux de terrassement. Des \u00e9quipements pour des r\u00e9alisations rapides, s\u00fbres et discr\u00e8tes.\" \/>\n<meta name=\"robots\" content=\"index, follow, max-snippet:-1, max-image-preview:large, max-video-preview:-1\" \/>\n<link rel=\"canonical\" href=\"https:\/\/www.rivard-international.com\/en\/products\/suction-excavator\/\" \/>\n<meta property=\"og:locale\" content=\"en_US\" \/>\n<meta property=\"og:type\" content=\"article\" \/>\n<meta property=\"og:title\" content=\"Les aspiratrices excavatrice par Rivard\" \/>\n<meta property=\"og:description\" content=\"Les mod\u00e8les d&#039;aspiratrices excavatrices Rivard, pour vos travaux de terrassement. Des \u00e9quipements pour des r\u00e9alisations rapides, s\u00fbres et discr\u00e8tes.\" \/>\n<meta property=\"og:url\" content=\"https:\/\/www.rivard-international.com\/en\/products\/suction-excavator\/\" \/>\n<meta property=\"og:site_name\" content=\"Rivard\" \/>\n<meta property=\"article:modified_time\" content=\"2022-02-22T08:47:09+00:00\" \/>\n<meta name=\"twitter:card\" content=\"summary_large_image\" \/>\n<script type=\"application\/ld+json\" class=\"yoast-schema-graph\">{\"@context\":\"https:\\\/\\\/schema.org\",\"@graph\":[{\"@type\":\"WebPage\",\"@id\":\"https:\\\/\\\/www.rivard-international.com\\\/en\\\/products\\\/suction-excavator\\\/\",\"url\":\"https:\\\/\\\/www.rivard-international.com\\\/en\\\/products\\\/suction-excavator\\\/\",\"name\":\"Les aspiratrices excavatrice par Rivard\",\"isPartOf\":{\"@id\":\"https:\\\/\\\/www.rivard-international.com\\\/en\\\/#website\"},\"datePublished\":\"2020-12-16T17:59:17+00:00\",\"dateModified\":\"2022-02-22T08:47:09+00:00\",\"description\":\"Les mod\u00e8les d'aspiratrices excavatrices Rivard, pour vos travaux de terrassement. Des \u00e9quipements pour des r\u00e9alisations rapides, s\u00fbres et discr\u00e8tes.\",\"breadcrumb\":{\"@id\":\"https:\\\/\\\/www.rivard-international.com\\\/en\\\/products\\\/suction-excavator\\\/#breadcrumb\"},\"inLanguage\":\"en-US\",\"potentialAction\":[{\"@type\":\"ReadAction\",\"target\":[\"https:\\\/\\\/www.rivard-international.com\\\/en\\\/products\\\/suction-excavator\\\/\"]}]},{\"@type\":\"BreadcrumbList\",\"@id\":\"https:\\\/\\\/www.rivard-international.com\\\/en\\\/products\\\/suction-excavator\\\/#breadcrumb\",\"itemListElement\":[{\"@type\":\"ListItem\",\"position\":1,\"name\":\"Accueil\",\"item\":\"https:\\\/\\\/www.rivard-international.com\\\/en\\\/\"},{\"@type\":\"ListItem\",\"position\":2,\"name\":\"All our products\",\"item\":\"https:\\\/\\\/www.rivard-international.com\\\/en\\\/products\\\/\"},{\"@type\":\"ListItem\",\"position\":3,\"name\":\"Suction excavators\"}]},{\"@type\":\"WebSite\",\"@id\":\"https:\\\/\\\/www.rivard-international.com\\\/en\\\/#website\",\"url\":\"https:\\\/\\\/www.rivard-international.com\\\/en\\\/\",\"name\":\"Rivard\",\"description\":\"Constructeur et Carrossier\",\"publisher\":{\"@id\":\"https:\\\/\\\/www.rivard-international.com\\\/en\\\/#organization\"},\"potentialAction\":[{\"@type\":\"SearchAction\",\"target\":{\"@type\":\"EntryPoint\",\"urlTemplate\":\"https:\\\/\\\/www.rivard-international.com\\\/en\\\/?s={search_term_string}\"},\"query-input\":{\"@type\":\"PropertyValueSpecification\",\"valueRequired\":true,\"valueName\":\"search_term_string\"}}],\"inLanguage\":\"en-US\"},{\"@type\":\"Organization\",\"@id\":\"https:\\\/\\\/www.rivard-international.com\\\/en\\\/#organization\",\"name\":\"Rivard international\",\"url\":\"https:\\\/\\\/www.rivard-international.com\\\/en\\\/\",\"logo\":{\"@type\":\"ImageObject\",\"inLanguage\":\"en-US\",\"@id\":\"https:\\\/\\\/www.rivard-international.com\\\/en\\\/#\\\/schema\\\/logo\\\/image\\\/\",\"url\":\"https:\\\/\\\/www.rivard-international.com\\\/wp-content\\\/uploads\\\/2020\\\/06\\\/logo-rivard.png\",\"contentUrl\":\"https:\\\/\\\/www.rivard-international.com\\\/wp-content\\\/uploads\\\/2020\\\/06\\\/logo-rivard.png\",\"width\":220,\"height\":53,\"caption\":\"Rivard international\"},\"image\":{\"@id\":\"https:\\\/\\\/www.rivard-international.com\\\/en\\\/#\\\/schema\\\/logo\\\/image\\\/\"}}]}<\/script>\n<!-- \/ Yoast SEO plugin. -->","yoast_head_json":{"title":"Les aspiratrices excavatrice par Rivard","description":"Les mod\u00e8les d'aspiratrices excavatrices Rivard, pour vos travaux de terrassement. Des \u00e9quipements pour des r\u00e9alisations rapides, s\u00fbres et discr\u00e8tes.","robots":{"index":"index","follow":"follow","max-snippet":"max-snippet:-1","max-image-preview":"max-image-preview:large","max-video-preview":"max-video-preview:-1"},"canonical":"https:\/\/www.rivard-international.com\/en\/products\/suction-excavator\/","og_locale":"en_US","og_type":"article","og_title":"Les aspiratrices excavatrice par Rivard","og_description":"Les mod\u00e8les d'aspiratrices excavatrices Rivard, pour vos travaux de terrassement. Des \u00e9quipements pour des r\u00e9alisations rapides, s\u00fbres et discr\u00e8tes.","og_url":"https:\/\/www.rivard-international.com\/en\/products\/suction-excavator\/","og_site_name":"Rivard","article_modified_time":"2022-02-22T08:47:09+00:00","twitter_card":"summary_large_image","schema":{"@context":"https:\/\/schema.org","@graph":[{"@type":"WebPage","@id":"https:\/\/www.rivard-international.com\/en\/products\/suction-excavator\/","url":"https:\/\/www.rivard-international.com\/en\/products\/suction-excavator\/","name":"Les aspiratrices excavatrice par Rivard","isPartOf":{"@id":"https:\/\/www.rivard-international.com\/en\/#website"},"datePublished":"2020-12-16T17:59:17+00:00","dateModified":"2022-02-22T08:47:09+00:00","description":"Les mod\u00e8les d'aspiratrices excavatrices Rivard, pour vos travaux de terrassement. Des \u00e9quipements pour des r\u00e9alisations rapides, s\u00fbres et discr\u00e8tes.","breadcrumb":{"@id":"https:\/\/www.rivard-international.com\/en\/products\/suction-excavator\/#breadcrumb"},"inLanguage":"en-US","potentialAction":[{"@type":"ReadAction","target":["https:\/\/www.rivard-international.com\/en\/products\/suction-excavator\/"]}]},{"@type":"BreadcrumbList","@id":"https:\/\/www.rivard-international.com\/en\/products\/suction-excavator\/#breadcrumb","itemListElement":[{"@type":"ListItem","position":1,"name":"Accueil","item":"https:\/\/www.rivard-international.com\/en\/"},{"@type":"ListItem","position":2,"name":"All our products","item":"https:\/\/www.rivard-international.com\/en\/products\/"},{"@type":"ListItem","position":3,"name":"Suction excavators"}]},{"@type":"WebSite","@id":"https:\/\/www.rivard-international.com\/en\/#website","url":"https:\/\/www.rivard-international.com\/en\/","name":"Rivard","description":"Constructeur et Carrossier","publisher":{"@id":"https:\/\/www.rivard-international.com\/en\/#organization"},"potentialAction":[{"@type":"SearchAction","target":{"@type":"EntryPoint","urlTemplate":"https:\/\/www.rivard-international.com\/en\/?s={search_term_string}"},"query-input":{"@type":"PropertyValueSpecification","valueRequired":true,"valueName":"search_term_string"}}],"inLanguage":"en-US"},{"@type":"Organization","@id":"https:\/\/www.rivard-international.com\/en\/#organization","name":"Rivard international","url":"https:\/\/www.rivard-international.com\/en\/","logo":{"@type":"ImageObject","inLanguage":"en-US","@id":"https:\/\/www.rivard-international.com\/en\/#\/schema\/logo\/image\/","url":"https:\/\/www.rivard-international.com\/wp-content\/uploads\/2020\/06\/logo-rivard.png","contentUrl":"https:\/\/www.rivard-international.com\/wp-content\/uploads\/2020\/06\/logo-rivard.png","width":220,"height":53,"caption":"Rivard international"},"image":{"@id":"https:\/\/www.rivard-international.com\/en\/#\/schema\/logo\/image\/"}}]}},"_links":{"self":[{"href":"https:\/\/www.rivard-international.com\/en\/wp-json\/wp\/v2\/pages\/4944","targetHints":{"allow":["GET"]}}],"collection":[{"href":"https:\/\/www.rivard-international.com\/en\/wp-json\/wp\/v2\/pages"}],"about":[{"href":"https:\/\/www.rivard-international.com\/en\/wp-json\/wp\/v2\/types\/page"}],"author":[{"embeddable":true,"href":"https:\/\/www.rivard-international.com\/en\/wp-json\/wp\/v2\/users\/2"}],"replies":[{"embeddable":true,"href":"https:\/\/www.rivard-international.com\/en\/wp-json\/wp\/v2\/comments?post=4944"}],"version-history":[{"count":5,"href":"https:\/\/www.rivard-international.com\/en\/wp-json\/wp\/v2\/pages\/4944\/revisions"}],"predecessor-version":[{"id":5771,"href":"https:\/\/www.rivard-international.com\/en\/wp-json\/wp\/v2\/pages\/4944\/revisions\/5771"}],"up":[{"embeddable":true,"href":"https:\/\/www.rivard-international.com\/en\/wp-json\/wp\/v2\/pages\/5079"}],"wp:attachment":[{"href":"https:\/\/www.rivard-international.com\/en\/wp-json\/wp\/v2\/media?parent=4944"}],"curies":[{"name":"wp","href":"https:\/\/api.w.org\/{rel}","templated":true}]}}