{"id":4947,"date":"2020-12-16T18:58:11","date_gmt":"2020-12-16T17:58:11","guid":{"rendered":"https:\/\/www.rivard-international.com\/hydrodegommeuses\/"},"modified":"2021-11-30T12:00:51","modified_gmt":"2021-11-30T11:00:51","slug":"hydrogumming","status":"publish","type":"page","link":"https:\/\/www.rivard-international.com\/en\/jetting-cleaning\/hydrogumming\/","title":{"rendered":"Hydro gumming units"},"content":{"rendered":"<p><div class=\"fusion-fullwidth fullwidth-box fusion-builder-row-1 nonhundred-percent-fullwidth non-hundred-percent-height-scrolling\" style=\"--awb-border-radius-top-left:0px;--awb-border-radius-top-right:0px;--awb-border-radius-bottom-right:0px;--awb-border-radius-bottom-left:0px;--awb-flex-wrap:wrap;\" ><div class=\"fusion-builder-row fusion-row\"><div class=\"fusion-layout-column fusion_builder_column fusion-builder-column-0 fusion_builder_column_1_1 1_1 fusion-one-full fusion-column-first fusion-column-last fusion-animated\" style=\"--awb-bg-size:cover;\" data-animationType=\"fadeInUp\" data-animationDuration=\"0.3\" data-animationOffset=\"top-mid-of-view\"><div class=\"fusion-column-wrapper fusion-column-has-shadow fusion-flex-column-wrapper-legacy\"><div class=\"fusion-text fusion-text-1\"><p>RIVARD&#8217;s story begins at the start of the 1950s with a dealership for the iconic Mercedes UNIMOG, multi-function vehicles. RIVARD&#8217;s geographical location in a rural area with significant agricultural activity encouraged the company to develop agricultural machinery. Increased skills opened up the national market and expanded the company&#8217;s areas of activity.<\/p>\n<p>Since the end of the 1960s, RIVARD has been specialising in <a href=\"https:\/\/rivard-international.com\/fr\">sanitation equipment<\/a> and more particularly in 12t to 32t hydrocleaning units. We offer a wide range with a great choice of suction power and high pressure levels, along with a host of tank volume possibilities with fixed or mobile walls. All RIVARD products are designed around certain principles: safety, hygiene, ergonomy and ease of maintenance.<\/p>\n<\/div><div class=\"fusion-clearfix\"><\/div><\/div><\/div><\/div><\/div><div class=\"fusion-fullwidth fullwidth-box fusion-builder-row-2 nonhundred-percent-fullwidth non-hundred-percent-height-scrolling\" style=\"--awb-border-radius-top-left:0px;--awb-border-radius-top-right:0px;--awb-border-radius-bottom-right:0px;--awb-border-radius-bottom-left:0px;--awb-flex-wrap:wrap;\" ><div class=\"fusion-builder-row fusion-row\"><div class=\"fusion-layout-column fusion_builder_column fusion-builder-column-1 fusion_builder_column_1_1 1_1 fusion-one-full fusion-column-first fusion-column-last fusion-animated\" style=\"--awb-bg-size:cover;\" data-animationType=\"fadeInLeft\" data-animationDuration=\"0.3\" data-animationOffset=\"top-mid-of-view\"><div class=\"fusion-column-wrapper fusion-column-has-shadow fusion-flex-column-wrapper-legacy\"><div class=\"woocommerce columns-3 \"><ul class=\"products clearfix products-3\">\n<li class=\"product type-product post-5193 status-publish first instock product_cat-hydrostripper-en has-post-thumbnail downloadable shipping-taxable product-type-simple product-grid-view\">\n\t<div class=\"fusion-product-wrapper\">\n<div class=\"fusion-clean-product-image-wrapper \">\n\t<div  class=\"fusion-image-wrapper fusion-image-size-fixed\" aria-haspopup=\"true\">\n\t\t\t\t<img decoding=\"async\" width=\"500\" height=\"500\" src=\"https:\/\/www.rivard-international.com\/wp-content\/uploads\/2020\/12\/hydrogommeuse-rivard-500x500.png\" class=\"attachment-woocommerce_thumbnail size-woocommerce_thumbnail lazyload wp-post-image\" alt=\"RIVARD hydrodegommeuse jetting\" srcset=\"data:image\/svg+xml,%3Csvg%20xmlns%3D%27http%3A%2F%2Fwww.w3.org%2F2000%2Fsvg%27%20width%3D%27514%27%20height%3D%27514%27%20viewBox%3D%270%200%20514%20514%27%3E%3Crect%20width%3D%27514%27%20height%3D%27514%27%20fill-opacity%3D%220%22%2F%3E%3C%2Fsvg%3E\" data-orig-src=\"https:\/\/www.rivard-international.com\/wp-content\/uploads\/2020\/12\/hydrogommeuse-rivard-500x500.png\" data-srcset=\"https:\/\/www.rivard-international.com\/wp-content\/uploads\/2020\/12\/hydrogommeuse-rivard-66x66.png 66w, https:\/\/www.rivard-international.com\/wp-content\/uploads\/2020\/12\/hydrogommeuse-rivard-100x100.png 100w, https:\/\/www.rivard-international.com\/wp-content\/uploads\/2020\/12\/hydrogommeuse-rivard-150x150.png 150w, https:\/\/www.rivard-international.com\/wp-content\/uploads\/2020\/12\/hydrogommeuse-rivard-200x200.png 200w, https:\/\/www.rivard-international.com\/wp-content\/uploads\/2020\/12\/hydrogommeuse-rivard-300x300.png 300w, https:\/\/www.rivard-international.com\/wp-content\/uploads\/2020\/12\/hydrogommeuse-rivard-400x400.png 400w, https:\/\/www.rivard-international.com\/wp-content\/uploads\/2020\/12\/hydrogommeuse-rivard-500x500.png 500w, https:\/\/www.rivard-international.com\/wp-content\/uploads\/2020\/12\/hydrogommeuse-rivard.png 514w\" data-sizes=\"auto\" \/><div class=\"fusion-rollover\">\n\t<div class=\"fusion-rollover-content\">\n\n\t\t\t\t\n\t\t\n\t\t\t\t\t\t\t\t\n\t\t\t\t\t\t\t\t\n\t\t\n\t\t\t\t\t\t\t\t\t\t\t\t\t\t\t\n\t\t\t\t\t\t\n\t\t\t\t\t\t\t\t\t\t<div class=\"fusion-product-buttons\">\n\t\t\t\t\t\n<a href=\"https:\/\/www.rivard-international.com\/en\/produit\/hydrodegommeuse\/\" class=\"show_details_button\" style=\"float:none;max-width:none;text-align:center;\">\n\tDetails<\/a>\n\n\t\t\t\t<\/div>\n\t\t\t\t\t\t\t\t\t<a class=\"fusion-link-wrapper\" href=\"https:\/\/www.rivard-international.com\/en\/produit\/hydrodegommeuse\/\" aria-label=\"HYDROSTRIPPER\"><\/a>\n\t<\/div>\n<\/div>\n<\/div>\n<\/div>\n<div class=\"fusion-product-content\">\n\t<div class=\"product-details\">\n\t\t<div class=\"product-details-container\">\n<h3 class=\"product-title\">\n\t<a href=\"https:\/\/www.rivard-international.com\/en\/produit\/hydrodegommeuse\/\">\n\t\tHYDROSTRIPPER\t<\/a>\n<\/h3>\n<div class=\"fusion-price-rating\">\n\n\t\t<\/div>\n\t<\/div>\n<\/div>\n\n\t<\/div> \n\n\n<\/div>\n<\/li>\n<\/ul>\n<\/div><div class=\"fusion-clearfix\"><\/div><\/div><\/div><\/div><\/div><div class=\"fusion-fullwidth fullwidth-box fusion-builder-row-3 nonhundred-percent-fullwidth non-hundred-percent-height-scrolling\" style=\"--awb-border-radius-top-left:0px;--awb-border-radius-top-right:0px;--awb-border-radius-bottom-right:0px;--awb-border-radius-bottom-left:0px;--awb-flex-wrap:wrap;\" ><div class=\"fusion-builder-row fusion-row\"><div class=\"fusion-layout-column fusion_builder_column fusion-builder-column-2 fusion_builder_column_1_1 1_1 fusion-one-full fusion-column-first fusion-column-last fusion-animated\" style=\"--awb-bg-size:cover;\" data-animationType=\"fadeInUp\" data-animationDuration=\"0.3\" data-animationOffset=\"top-mid-of-view\"><div class=\"fusion-column-wrapper fusion-column-has-shadow fusion-flex-column-wrapper-legacy\"><div class=\"fusion-sep-clear\"><\/div><div class=\"fusion-separator fusion-full-width-sep\" style=\"margin-left: auto;margin-right: auto;margin-top:40px;width:100%;\"><\/div><div class=\"fusion-sep-clear\"><\/div><div class=\"fusion-title title fusion-title-1 fusion-sep-none fusion-title-text fusion-title-size-two\"><h2 class=\"fusion-title-heading title-heading-left fusion-responsive-typography-calculated\" style=\"margin:0;--fontSize:28;line-height:1.3;\"><h2><strong>Cleaners for high pressure infrastructure cleaning <\/strong><\/h2><\/h2><\/div><div class=\"fusion-text fusion-text-2\"><p><a href=\"https:\/\/rivard-international.com\/fr\">RIVARD<\/a> commands numerous technologies which enables it to integrate High Pressure into fixed or mobile equipment. For high pressure infrastructure cleaning, RIVARD has developed the Hydrostripper to bleed roads or strip tyre rubber from airport runways or motor racing circuits, tunnel washers to clean walls and ceilings or even the Full train to service railway lines.<\/p>\n<h2><strong>For industrial cleaning <\/strong><\/h2>\n<p>Very High Pressurised water is a process which is used a great deal in industry thanks to effectiveness and the fact that no additives are used, making it ideal for the food production and chemicals industries. Depending on the pressure used, the process has a wide range of possible applications, from regular stripping maintenance to hydrodemolition.<\/p>\n<\/div><div class=\"fusion-clearfix\"><\/div><\/div><\/div><\/div><\/div><\/p>\n","protected":false},"excerpt":{"rendered":"","protected":false},"author":2,"featured_media":0,"parent":5092,"menu_order":0,"comment_status":"closed","ping_status":"closed","template":"100-width.php","meta":{"inline_featured_image":false,"footnotes":""},"class_list":["post-4947","page","type-page","status-publish","hentry"],"yoast_head":"<!-- This site is optimized with the Yoast SEO plugin v27.3 - https:\/\/yoast.com\/product\/yoast-seo-wordpress\/ -->\n<title>Rivard : Nos hydrod\u00e9gommeuses, nettoyage \u00e0 haute pression<\/title>\n<meta name=\"description\" content=\"Rivard, carrossier et constructeur, vous pr\u00e9sente ses mod\u00e8les d&#039;hydrod\u00e9gommeuses pour r\u00e9aliser le nettoyage \u00e0 haute pression de vos infrastructures.\" \/>\n<meta name=\"robots\" content=\"index, follow, max-snippet:-1, max-image-preview:large, max-video-preview:-1\" \/>\n<link rel=\"canonical\" href=\"https:\/\/www.rivard-international.com\/en\/jetting-cleaning\/hydrogumming\/\" \/>\n<meta property=\"og:locale\" content=\"en_US\" \/>\n<meta property=\"og:type\" content=\"article\" \/>\n<meta property=\"og:title\" content=\"Rivard : Nos hydrod\u00e9gommeuses, nettoyage \u00e0 haute pression\" \/>\n<meta property=\"og:description\" content=\"Rivard, carrossier et constructeur, vous pr\u00e9sente ses mod\u00e8les d&#039;hydrod\u00e9gommeuses pour r\u00e9aliser le nettoyage \u00e0 haute pression de vos infrastructures.\" \/>\n<meta property=\"og:url\" content=\"https:\/\/www.rivard-international.com\/en\/jetting-cleaning\/hydrogumming\/\" \/>\n<meta property=\"og:site_name\" content=\"Rivard\" \/>\n<meta property=\"article:modified_time\" content=\"2021-11-30T11:00:51+00:00\" \/>\n<meta name=\"twitter:card\" content=\"summary_large_image\" \/>\n<script type=\"application\/ld+json\" class=\"yoast-schema-graph\">{\"@context\":\"https:\\\/\\\/schema.org\",\"@graph\":[{\"@type\":\"WebPage\",\"@id\":\"https:\\\/\\\/www.rivard-international.com\\\/en\\\/jetting-cleaning\\\/hydrogumming\\\/\",\"url\":\"https:\\\/\\\/www.rivard-international.com\\\/en\\\/jetting-cleaning\\\/hydrogumming\\\/\",\"name\":\"Rivard : Nos hydrod\u00e9gommeuses, nettoyage \u00e0 haute pression\",\"isPartOf\":{\"@id\":\"https:\\\/\\\/www.rivard-international.com\\\/en\\\/#website\"},\"datePublished\":\"2020-12-16T17:58:11+00:00\",\"dateModified\":\"2021-11-30T11:00:51+00:00\",\"description\":\"Rivard, carrossier et constructeur, vous pr\u00e9sente ses mod\u00e8les d'hydrod\u00e9gommeuses pour r\u00e9aliser le nettoyage \u00e0 haute pression de vos infrastructures.\",\"breadcrumb\":{\"@id\":\"https:\\\/\\\/www.rivard-international.com\\\/en\\\/jetting-cleaning\\\/hydrogumming\\\/#breadcrumb\"},\"inLanguage\":\"en-US\",\"potentialAction\":[{\"@type\":\"ReadAction\",\"target\":[\"https:\\\/\\\/www.rivard-international.com\\\/en\\\/jetting-cleaning\\\/hydrogumming\\\/\"]}]},{\"@type\":\"BreadcrumbList\",\"@id\":\"https:\\\/\\\/www.rivard-international.com\\\/en\\\/jetting-cleaning\\\/hydrogumming\\\/#breadcrumb\",\"itemListElement\":[{\"@type\":\"ListItem\",\"position\":1,\"name\":\"Accueil\",\"item\":\"https:\\\/\\\/www.rivard-international.com\\\/en\\\/\"},{\"@type\":\"ListItem\",\"position\":2,\"name\":\"Jetting\",\"item\":\"https:\\\/\\\/www.rivard-international.com\\\/en\\\/jetting-cleaning\\\/\"},{\"@type\":\"ListItem\",\"position\":3,\"name\":\"Hydro gumming units\"}]},{\"@type\":\"WebSite\",\"@id\":\"https:\\\/\\\/www.rivard-international.com\\\/en\\\/#website\",\"url\":\"https:\\\/\\\/www.rivard-international.com\\\/en\\\/\",\"name\":\"Rivard\",\"description\":\"Constructeur et Carrossier\",\"publisher\":{\"@id\":\"https:\\\/\\\/www.rivard-international.com\\\/en\\\/#organization\"},\"potentialAction\":[{\"@type\":\"SearchAction\",\"target\":{\"@type\":\"EntryPoint\",\"urlTemplate\":\"https:\\\/\\\/www.rivard-international.com\\\/en\\\/?s={search_term_string}\"},\"query-input\":{\"@type\":\"PropertyValueSpecification\",\"valueRequired\":true,\"valueName\":\"search_term_string\"}}],\"inLanguage\":\"en-US\"},{\"@type\":\"Organization\",\"@id\":\"https:\\\/\\\/www.rivard-international.com\\\/en\\\/#organization\",\"name\":\"Rivard international\",\"url\":\"https:\\\/\\\/www.rivard-international.com\\\/en\\\/\",\"logo\":{\"@type\":\"ImageObject\",\"inLanguage\":\"en-US\",\"@id\":\"https:\\\/\\\/www.rivard-international.com\\\/en\\\/#\\\/schema\\\/logo\\\/image\\\/\",\"url\":\"https:\\\/\\\/www.rivard-international.com\\\/wp-content\\\/uploads\\\/2020\\\/06\\\/logo-rivard.png\",\"contentUrl\":\"https:\\\/\\\/www.rivard-international.com\\\/wp-content\\\/uploads\\\/2020\\\/06\\\/logo-rivard.png\",\"width\":220,\"height\":53,\"caption\":\"Rivard international\"},\"image\":{\"@id\":\"https:\\\/\\\/www.rivard-international.com\\\/en\\\/#\\\/schema\\\/logo\\\/image\\\/\"}}]}<\/script>\n<!-- \/ Yoast SEO plugin. -->","yoast_head_json":{"title":"Rivard : Nos hydrod\u00e9gommeuses, nettoyage \u00e0 haute pression","description":"Rivard, carrossier et constructeur, vous pr\u00e9sente ses mod\u00e8les d'hydrod\u00e9gommeuses pour r\u00e9aliser le nettoyage \u00e0 haute pression de vos infrastructures.","robots":{"index":"index","follow":"follow","max-snippet":"max-snippet:-1","max-image-preview":"max-image-preview:large","max-video-preview":"max-video-preview:-1"},"canonical":"https:\/\/www.rivard-international.com\/en\/jetting-cleaning\/hydrogumming\/","og_locale":"en_US","og_type":"article","og_title":"Rivard : Nos hydrod\u00e9gommeuses, nettoyage \u00e0 haute pression","og_description":"Rivard, carrossier et constructeur, vous pr\u00e9sente ses mod\u00e8les d'hydrod\u00e9gommeuses pour r\u00e9aliser le nettoyage \u00e0 haute pression de vos infrastructures.","og_url":"https:\/\/www.rivard-international.com\/en\/jetting-cleaning\/hydrogumming\/","og_site_name":"Rivard","article_modified_time":"2021-11-30T11:00:51+00:00","twitter_card":"summary_large_image","schema":{"@context":"https:\/\/schema.org","@graph":[{"@type":"WebPage","@id":"https:\/\/www.rivard-international.com\/en\/jetting-cleaning\/hydrogumming\/","url":"https:\/\/www.rivard-international.com\/en\/jetting-cleaning\/hydrogumming\/","name":"Rivard : Nos hydrod\u00e9gommeuses, nettoyage \u00e0 haute pression","isPartOf":{"@id":"https:\/\/www.rivard-international.com\/en\/#website"},"datePublished":"2020-12-16T17:58:11+00:00","dateModified":"2021-11-30T11:00:51+00:00","description":"Rivard, carrossier et constructeur, vous pr\u00e9sente ses mod\u00e8les d'hydrod\u00e9gommeuses pour r\u00e9aliser le nettoyage \u00e0 haute pression de vos infrastructures.","breadcrumb":{"@id":"https:\/\/www.rivard-international.com\/en\/jetting-cleaning\/hydrogumming\/#breadcrumb"},"inLanguage":"en-US","potentialAction":[{"@type":"ReadAction","target":["https:\/\/www.rivard-international.com\/en\/jetting-cleaning\/hydrogumming\/"]}]},{"@type":"BreadcrumbList","@id":"https:\/\/www.rivard-international.com\/en\/jetting-cleaning\/hydrogumming\/#breadcrumb","itemListElement":[{"@type":"ListItem","position":1,"name":"Accueil","item":"https:\/\/www.rivard-international.com\/en\/"},{"@type":"ListItem","position":2,"name":"Jetting","item":"https:\/\/www.rivard-international.com\/en\/jetting-cleaning\/"},{"@type":"ListItem","position":3,"name":"Hydro gumming units"}]},{"@type":"WebSite","@id":"https:\/\/www.rivard-international.com\/en\/#website","url":"https:\/\/www.rivard-international.com\/en\/","name":"Rivard","description":"Constructeur et Carrossier","publisher":{"@id":"https:\/\/www.rivard-international.com\/en\/#organization"},"potentialAction":[{"@type":"SearchAction","target":{"@type":"EntryPoint","urlTemplate":"https:\/\/www.rivard-international.com\/en\/?s={search_term_string}"},"query-input":{"@type":"PropertyValueSpecification","valueRequired":true,"valueName":"search_term_string"}}],"inLanguage":"en-US"},{"@type":"Organization","@id":"https:\/\/www.rivard-international.com\/en\/#organization","name":"Rivard international","url":"https:\/\/www.rivard-international.com\/en\/","logo":{"@type":"ImageObject","inLanguage":"en-US","@id":"https:\/\/www.rivard-international.com\/en\/#\/schema\/logo\/image\/","url":"https:\/\/www.rivard-international.com\/wp-content\/uploads\/2020\/06\/logo-rivard.png","contentUrl":"https:\/\/www.rivard-international.com\/wp-content\/uploads\/2020\/06\/logo-rivard.png","width":220,"height":53,"caption":"Rivard international"},"image":{"@id":"https:\/\/www.rivard-international.com\/en\/#\/schema\/logo\/image\/"}}]}},"_links":{"self":[{"href":"https:\/\/www.rivard-international.com\/en\/wp-json\/wp\/v2\/pages\/4947","targetHints":{"allow":["GET"]}}],"collection":[{"href":"https:\/\/www.rivard-international.com\/en\/wp-json\/wp\/v2\/pages"}],"about":[{"href":"https:\/\/www.rivard-international.com\/en\/wp-json\/wp\/v2\/types\/page"}],"author":[{"embeddable":true,"href":"https:\/\/www.rivard-international.com\/en\/wp-json\/wp\/v2\/users\/2"}],"replies":[{"embeddable":true,"href":"https:\/\/www.rivard-international.com\/en\/wp-json\/wp\/v2\/comments?post=4947"}],"version-history":[{"count":4,"href":"https:\/\/www.rivard-international.com\/en\/wp-json\/wp\/v2\/pages\/4947\/revisions"}],"predecessor-version":[{"id":5472,"href":"https:\/\/www.rivard-international.com\/en\/wp-json\/wp\/v2\/pages\/4947\/revisions\/5472"}],"up":[{"embeddable":true,"href":"https:\/\/www.rivard-international.com\/en\/wp-json\/wp\/v2\/pages\/5092"}],"wp:attachment":[{"href":"https:\/\/www.rivard-international.com\/en\/wp-json\/wp\/v2\/media?parent=4947"}],"curies":[{"name":"wp","href":"https:\/\/api.w.org\/{rel}","templated":true}]}}